{"id":1124,"date":"2019-07-15T03:33:39","date_gmt":"2019-07-15T03:33:39","guid":{"rendered":"https:\/\/immigrationeu.be\/?page_id=1124"},"modified":"2020-12-03T01:29:47","modified_gmt":"2020-12-03T01:29:47","slug":"suiza","status":"publish","type":"page","link":"https:\/\/immigrationeu.be\/es\/suiza\/","title":{"rendered":"Suiza"},"content":{"rendered":"<p>[vc_row full_width=\u00bbstretch_row\u00bb content_placement=\u00bbtop\u00bb background_position=\u00bbcenter center\u00bb css=\u00bb.vc_custom_1562376273024{padding-top: 80px !important;padding-bottom: 80px !important;background-image: url(https:\/\/immigrationeu.be\/wp-content\/uploads\/2019\/07\/germany-header.jpg?id=287) !important;background-position: center !important;background-repeat: no-repeat !important;background-size: cover !important;}\u00bb][vc_column width=\u00bb1\/6&#8243;][\/vc_column][vc_column width=\u00bb2\/3&#8243; css=\u00bb.vc_custom_1561305594558{background-color: rgba(20,39,78,0.51) !important;*background-color: rgb(104,0,0) !important;}\u00bb][vc_custom_heading text=\u00bbINMIGRACI\u00d3N EN SUIZA\u00bb font_container=\u00bbtag:h1|font_size:30px|text_align:center|color:%23ffffff|line_height:36px\u00bb use_theme_fonts=\u00bbyes\u00bb css=\u00bb.vc_custom_1606928951307{margin-bottom: 30px !important;}\u00bb][\/vc_column][vc_column width=\u00bb1\/6&#8243;][\/vc_column][\/vc_row][vc_row full_width=\u00bbstretch_row_content\u00bb css=\u00bb.vc_custom_1562694247586{background-color: #f8f9fa !important;}\u00bb][vc_column width=\u00bb3\/4&#8243; offset=\u00bbvc_hidden-sm vc_hidden-xs\u00bb][vc_tta_tour shape=\u00bbsquare\u00bb spacing=\u00bb\u00bb active_section=\u00bb1&#8243; el_id=\u00bbbox_shadow\u00bb][vc_tta_section title=\u00bbMISSION\u00bb tab_id=\u00bb1561305738645-98d425ea-d949&#8243;][vc_column_text]Lorem ipsum dolor sit amet, consectetur adipiscing elit. Ut elit tellus, luctus nec ullamcorper mattis, pulvinar dapibus leo.[\/vc_column_text][\/vc_tta_section][vc_tta_section title=\u00bbCITIZENSHIP\u00bb tab_id=\u00bb1561305831505-5d919408-fa45&#8243;][\/vc_tta_section][vc_tta_section title=\u00bbNATURALIZATION\u00bb tab_id=\u00bb1561305738668-966bda40-038f\u00bb][\/vc_tta_section][vc_tta_section title=\u00bbMARRIAGE\u00bb tab_id=\u00bb1561305775229-9aee0eee-64bc\u00bb][\/vc_tta_section][vc_tta_section title=\u00bbFILIATION\u00bb tab_id=\u00bb1561305799871-267cfd00-8939&#8243;][\/vc_tta_section][vc_tta_section title=\u00bbDECLARATION\u00bb tab_id=\u00bb1561305810183-6299b346-1d06&#8243;][\/vc_tta_section][vc_tta_section title=\u00bbPASSEPORT\u00bb tab_id=\u00bb1561305820989-76c8c51c-fd6f\u00bb][\/vc_tta_section][\/vc_tta_tour][vc_row_inner el_id=\u00bbbox_shadow\u00bb css=\u00bb.vc_custom_1565921267875{margin-right: 0px !important;margin-bottom: 25px !important;margin-left: 0px !important;padding-top: 20px !important;}\u00bb][vc_column_inner width=\u00bb2\/3&#8243; css=\u00bb.vc_custom_1565920961366{padding-left: 20px !important;}\u00bb][vc_widget_sidebar sidebar_id=\u00bbnitro-sidebar-44&#8243;][\/vc_column_inner][vc_column_inner width=\u00bb1\/3&#8243;][vc_widget_sidebar sidebar_id=\u00bbnitro-sidebar-45&#8243; el_class=\u00bbzoom\u00bb][\/vc_column_inner][\/vc_row_inner][vc_row_inner css=\u00bb.vc_custom_1565622809612{margin-right: 0px !important;margin-left: 0px !important;padding-top: 20px !important;padding-bottom: 20px !important;}\u00bb el_id=\u00bbbox_shadow\u00bb][vc_column_inner width=\u00bb2\/3&#8243; css=\u00bb.vc_custom_1565921679535{padding-left: 20px !important;}\u00bb][vc_widget_sidebar sidebar_id=\u00bbnitro-sidebar-46&#8243;][\/vc_column_inner][vc_column_inner width=\u00bb1\/3&#8243;]<div id=\"nitro_custom_css_1188739125\" class=\"sc-button zoom tc\"><a href=\"https:\/\/immigrationeu.be\/wp-content\/uploads\/2019\/08\/immigration-to-netherlands.pdf\" title=\"\" target=\"_blank\"><span>PDF<\/span><\/a><\/div>[\/vc_column_inner][\/vc_row_inner][\/vc_column][vc_column width=\u00bb1\/4&#8243; offset=\u00bbvc_hidden-sm vc_hidden-xs\u00bb][vc_row_inner][vc_column_inner][vc_widget_sidebar sidebar_id=\u00bbnitro-sidebar-14&#8243; el_id=\u00bbbox_shadow_padding\u00bb][\/vc_column_inner][vc_column_inner][vc_widget_sidebar sidebar_id=\u00bbnitro-sidebar-36&#8243; el_id=\u00bbbox_shadow_padding\u00bb][\/vc_column_inner][\/vc_row_inner][\/vc_column][\/vc_row][vc_row full_width=\u00bbstretch_row_content\u00bb css=\u00bb.vc_custom_1562694247586{background-color: #f8f9fa !important;}\u00bb][vc_column width=\u00bb3\/4&#8243; offset=\u00bbvc_hidden-lg vc_hidden-md\u00bb][vc_tta_accordion shape=\u00bbsquare\u00bb c_icon=\u00bb\u00bb active_section=\u00bb1&#8243; collapsible_all=\u00bbtrue\u00bb el_id=\u00bbbox_shadow_mobile\u00bb][vc_tta_section title=\u00bbMISSION\u00bb tab_id=\u00bb1562697137152-8ee6aa4e-7222&#8243;][\/vc_tta_section][vc_tta_section title=\u00bbCITIZENSHIP\u00bb tab_id=\u00bb1562697686841-9a23f51f-858e\u00bb][\/vc_tta_section][vc_tta_section title=\u00bbNATURALIZATION\u00bb tab_id=\u00bb1562697137172-a7037ab8-e832&#8243;][\/vc_tta_section][vc_tta_section title=\u00bbMARRIAGE\u00bb tab_id=\u00bb1562697478109-b6eb483c-4425&#8243;][\/vc_tta_section][vc_tta_section title=\u00bbFILIATION\u00bb tab_id=\u00bb1562697544485-853111f1-d32a\u00bb][\/vc_tta_section][vc_tta_section title=\u00bbDECLARATION\u00bb tab_id=\u00bb1562697583689-86f25be1-8fb5&#8243;][\/vc_tta_section][vc_tta_section title=\u00bbPASSEPORT\u00bb tab_id=\u00bb1562697643462-cbcc1802-7fdc\u00bb][\/vc_tta_section][\/vc_tta_accordion][vc_row_inner css=\u00bb.vc_custom_1565921238901{margin-right: 0px !important;margin-bottom: 25px !important;padding-top: 20px !important;padding-bottom: 20px !important;}\u00bb el_id=\u00bbbox_shadow_mobile\u00bb][vc_column_inner width=\u00bb2\/3&#8243; css=\u00bb.vc_custom_1565921914633{padding-left: 20px !important;}\u00bb][vc_widget_sidebar sidebar_id=\u00bbnitro-sidebar-44&#8243;][\/vc_column_inner][vc_column_inner width=\u00bb1\/3&#8243;][vc_widget_sidebar sidebar_id=\u00bbnitro-sidebar-45&#8243; el_class=\u00bbzoom\u00bb][\/vc_column_inner][\/vc_row_inner][vc_row_inner css=\u00bb.vc_custom_1565623182091{margin-right: 0px !important;padding-top: 20px !important;padding-bottom: 20px !important;}\u00bb el_id=\u00bbbox_shadow_mobile\u00bb][vc_column_inner width=\u00bb2\/3&#8243; css=\u00bb.vc_custom_1565921922735{padding-left: 20px !important;}\u00bb][vc_widget_sidebar sidebar_id=\u00bbnitro-sidebar-46&#8243;][\/vc_column_inner][vc_column_inner width=\u00bb1\/3&#8243;]<div id=\"nitro_custom_css_1818971064\" class=\"sc-button zoom tc\"><a href=\"https:\/\/immigrationeu.be\/wp-content\/uploads\/2019\/08\/immigration-to-netherlands.pdf\" title=\"\" target=\"_blank\"><span>PDF<\/span><\/a><\/div>[\/vc_column_inner][\/vc_row_inner][\/vc_column][vc_column width=\u00bb1\/4&#8243; offset=\u00bbvc_hidden-lg vc_hidden-md\u00bb][vc_row_inner][vc_column_inner][vc_widget_sidebar sidebar_id=\u00bbnitro-sidebar-14&#8243; el_id=\u00bbbox_shadow_padding_mobile\u00bb][\/vc_column_inner][vc_column_inner][vc_widget_sidebar sidebar_id=\u00bbnitro-sidebar-36&#8243; el_id=\u00bbbox_shadow_padding_mobile\u00bb][\/vc_column_inner][\/vc_row_inner][\/vc_column][\/vc_row][vc_row full_width=\u00bbstretch_row\u00bb background_position=\u00bbright top\u00bb css=\u00bb.vc_custom_1602114698511{padding-top: 40px !important;padding-bottom: 20px !important;background-color: #14274e !important;background-position: center !important;background-repeat: no-repeat !important;background-size: cover !important;}\u00bb][vc_column width=\u00bb1\/4&#8243; css=\u00bb.vc_custom_1562383084786{margin-bottom: 30px !important;}\u00bb][vc_widget_sidebar sidebar_id=\u00bbnitro-sidebar-51&#8243;][\/vc_column][vc_column width=\u00bb1\/3&#8243; css=\u00bb.vc_custom_1562383090392{margin-bottom: 30px !important;}\u00bb][vc_widget_sidebar sidebar_id=\u00bbnitro-sidebar-52&#8243;][\/vc_column][vc_column width=\u00bb1\/3&#8243; css=\u00bb.vc_custom_1562383096710{margin-bottom: 30px !important;}\u00bb][vc_widget_sidebar sidebar_id=\u00bbnitro-sidebar-53&#8243;][\/vc_column][\/vc_row][vc_row full_width=\u00bbstretch_row\u00bb content_placement=\u00bbmiddle\u00bb css=\u00bb.vc_custom_1606925812237{background-color: #f8f9fa !important;}\u00bb][vc_column width=\u00bb1\/2&#8243;][vc_column_text css=\u00bb.vc_custom_1606926041350{margin-top: 0px !important;margin-bottom: 0px !important;}\u00bb]\n<div class=\"wpml-ls-statics-footer wpml-ls wpml-ls-legacy-list-horizontal\">\n\t<ul><li class=\"wpml-ls-slot-footer wpml-ls-item wpml-ls-item-es wpml-ls-current-language wpml-ls-item-legacy-list-horizontal\">\n\t\t\t\t<a href=\"https:\/\/immigrationeu.be\/es\/\" class=\"wpml-ls-link\">\n                                                        <img decoding=\"async\"\n            class=\"wpml-ls-flag\"\n            src=\"https:\/\/immigrationeu.be\/wp-content\/plugins\/sitepress-multilingual-cms\/res\/flags\/es.png\"\n            alt=\"\"\n            width=18\n            height=12\n    \/><span class=\"wpml-ls-native\">Espa\u00f1ol<\/span><\/a>\n\t\t\t<\/li><li class=\"wpml-ls-slot-footer wpml-ls-item wpml-ls-item-en wpml-ls-first-item wpml-ls-item-legacy-list-horizontal\">\n\t\t\t\t<a href=\"https:\/\/immigrationeu.be\" class=\"wpml-ls-link\">\n                                                        <img decoding=\"async\"\n            class=\"wpml-ls-flag\"\n            src=\"https:\/\/immigrationeu.be\/wp-content\/plugins\/sitepress-multilingual-cms\/res\/flags\/en.png\"\n            alt=\"\"\n            width=18\n            height=12\n    \/><span class=\"wpml-ls-native\" lang=\"en\">English<\/span><\/a>\n\t\t\t<\/li><li class=\"wpml-ls-slot-footer wpml-ls-item wpml-ls-item-fr wpml-ls-item-legacy-list-horizontal\">\n\t\t\t\t<a href=\"https:\/\/immigrationeu.be\/fr\/\" class=\"wpml-ls-link\">\n                                                        <img decoding=\"async\"\n            class=\"wpml-ls-flag\"\n            src=\"https:\/\/immigrationeu.be\/wp-content\/plugins\/sitepress-multilingual-cms\/res\/flags\/fr.png\"\n            alt=\"\"\n            width=18\n            height=12\n    \/><span class=\"wpml-ls-native\" lang=\"fr\">Fran\u00e7ais<\/span><\/a>\n\t\t\t<\/li><li class=\"wpml-ls-slot-footer wpml-ls-item wpml-ls-item-ru wpml-ls-item-legacy-list-horizontal\">\n\t\t\t\t<a href=\"https:\/\/immigrationeu.be\/ru\/\" class=\"wpml-ls-link\">\n                                                        <img decoding=\"async\"\n            class=\"wpml-ls-flag\"\n            src=\"https:\/\/immigrationeu.be\/wp-content\/plugins\/sitepress-multilingual-cms\/res\/flags\/ru.png\"\n            alt=\"\"\n            width=18\n            height=12\n    \/><span class=\"wpml-ls-native\" lang=\"ru\">\u0420\u0443\u0441\u0441\u043a\u0438\u0439<\/span><\/a>\n\t\t\t<\/li><li class=\"wpml-ls-slot-footer wpml-ls-item wpml-ls-item-cn wpml-ls-last-item wpml-ls-item-legacy-list-horizontal\">\n\t\t\t\t<a href=\"https:\/\/immigrationeu.be\/cn\/\" class=\"wpml-ls-link\">\n                                                        <img decoding=\"async\"\n            class=\"wpml-ls-flag\"\n            src=\"https:\/\/immigrationeu.be\/wp-content\/uploads\/flags\/cn.png\"\n            alt=\"\"\n            width=18\n            height=12\n    \/><span class=\"wpml-ls-native\" lang=\"cn\">Chinese <\/span><\/a>\n\t\t\t<\/li><\/ul>\n<\/div>\n[\/vc_column_text][\/vc_column][vc_column width=\u00bb1\/2&#8243;][vc_widget_sidebar sidebar_id=\u00bbnitro-sidebar-54&#8243;][\/vc_column][\/vc_row]<\/p>\n","protected":false},"excerpt":{"rendered":"<p>[vc_row full_width=\u00bbstretch_row\u00bb content_placement=\u00bbtop\u00bb background_position=\u00bbcenter center\u00bb css=\u00bb.vc_custom_1562376273024{padding-top: 80px !important;padding-bottom: 80px !important;background-image: url(https:\/\/immigrationeu.be\/wp-content\/uploads\/2019\/07\/germany-header.jpg?id=287) !important;background-position: center !important;background-repeat: no-repeat !important;background-size: cover !important;}\u00bb][vc_column width=\u00bb1\/6&#8243;][\/vc_column][vc_column width=\u00bb2\/3&#8243; css=\u00bb.vc_custom_1561305594558{background-color: rgba(20,39,78,0.51) !important;*background-color: rgb(104,0,0) !important;}\u00bb][vc_custom_heading text=\u00bbINMIGRACI\u00d3N EN SUIZA\u00bb font_container=\u00bbtag:h1|font_size:30px|text_align:center|color:%23ffffff|line_height:36px\u00bb use_theme_fonts=\u00bbyes\u00bb css=\u00bb.vc_custom_1606928951307{margin-bottom: 30px !important;}\u00bb][\/vc_column][vc_column width=\u00bb1\/6&#8243;][\/vc_column][\/vc_row][vc_row full_width=\u00bbstretch_row_content\u00bb css=\u00bb.vc_custom_1562694247586{background-color: #f8f9fa !important;}\u00bb][vc_column width=\u00bb3\/4&#8243; offset=\u00bbvc_hidden-sm vc_hidden-xs\u00bb][vc_tta_tour shape=\u00bbsquare\u00bb spacing=\u00bb\u00bb active_section=\u00bb1&#8243; el_id=\u00bbbox_shadow\u00bb][vc_tta_section title=\u00bbMISSION\u00bb tab_id=\u00bb1561305738645-98d425ea-d949&#8243;][vc_column_text]Lorem ipsum dolor sit amet, consectetur adipiscing elit. Ut [&hellip;]<\/p>\n","protected":false},"author":1,"featured_media":0,"parent":0,"menu_order":0,"comment_status":"closed","ping_status":"closed","template":"","meta":{"footnotes":""},"yoast_head":"<!-- This site is optimized with the Yoast SEO plugin v18.3 - https:\/\/yoast.com\/wordpress\/plugins\/seo\/ -->\n<title>SUIZA CIUDADAN\u00cdA NACIONALIDAD RESIDENCIA INMIGRACI\u00d3N VISADO<\/title>\n<meta name=\"description\" content=\"SUIZA VISADO INMIGRACI\u00d3N NATURALIZACI\u00d3N PASAPORTE CIUDADAN\u00cdA\" \/>\n<meta name=\"robots\" content=\"index, follow, max-snippet:-1, max-image-preview:large, max-video-preview:-1\" \/>\n<link rel=\"canonical\" href=\"https:\/\/immigrationeu.be\/es\/suiza\/\" \/>\n<meta property=\"og:locale\" content=\"es_ES\" \/>\n<meta property=\"og:type\" content=\"article\" \/>\n<meta property=\"og:title\" content=\"SUIZA CIUDADAN\u00cdA NACIONALIDAD RESIDENCIA INMIGRACI\u00d3N VISADO\" \/>\n<meta property=\"og:description\" content=\"SUIZA VISADO INMIGRACI\u00d3N NATURALIZACI\u00d3N PASAPORTE CIUDADAN\u00cdA\" \/>\n<meta property=\"og:url\" content=\"https:\/\/immigrationeu.be\/es\/suiza\/\" \/>\n<meta property=\"og:site_name\" content=\"Immigration EU\" \/>\n<meta property=\"article:modified_time\" content=\"2020-12-03T01:29:47+00:00\" \/>\n<meta name=\"twitter:card\" content=\"summary_large_image\" \/>\n<meta name=\"twitter:label1\" content=\"Tiempo de lectura\" \/>\n\t<meta name=\"twitter:data1\" content=\"5 minutos\" \/>\n<script type=\"application\/ld+json\" class=\"yoast-schema-graph\">{\"@context\":\"https:\/\/schema.org\",\"@graph\":[{\"@type\":\"WebSite\",\"@id\":\"https:\/\/immigrationeu.be\/#website\",\"url\":\"https:\/\/immigrationeu.be\/\",\"name\":\"Immigration EU\",\"description\":\"\",\"potentialAction\":[{\"@type\":\"SearchAction\",\"target\":{\"@type\":\"EntryPoint\",\"urlTemplate\":\"https:\/\/immigrationeu.be\/?s={search_term_string}\"},\"query-input\":\"required name=search_term_string\"}],\"inLanguage\":\"es\"},{\"@type\":\"WebPage\",\"@id\":\"https:\/\/immigrationeu.be\/es\/suiza\/#webpage\",\"url\":\"https:\/\/immigrationeu.be\/es\/suiza\/\",\"name\":\"SUIZA CIUDADAN\u00cdA NACIONALIDAD RESIDENCIA INMIGRACI\u00d3N VISADO\",\"isPartOf\":{\"@id\":\"https:\/\/immigrationeu.be\/#website\"},\"datePublished\":\"2019-07-15T03:33:39+00:00\",\"dateModified\":\"2020-12-03T01:29:47+00:00\",\"description\":\"SUIZA VISADO INMIGRACI\u00d3N NATURALIZACI\u00d3N PASAPORTE CIUDADAN\u00cdA\",\"breadcrumb\":{\"@id\":\"https:\/\/immigrationeu.be\/es\/suiza\/#breadcrumb\"},\"inLanguage\":\"es\",\"potentialAction\":[{\"@type\":\"ReadAction\",\"target\":[\"https:\/\/immigrationeu.be\/es\/suiza\/\"]}]},{\"@type\":\"BreadcrumbList\",\"@id\":\"https:\/\/immigrationeu.be\/es\/suiza\/#breadcrumb\",\"itemListElement\":[{\"@type\":\"ListItem\",\"position\":1,\"name\":\"Home\",\"item\":\"https:\/\/immigrationeu.be\/es\/\"},{\"@type\":\"ListItem\",\"position\":2,\"name\":\"Suiza\"}]}]}<\/script>\n<!-- \/ Yoast SEO plugin. -->","yoast_head_json":{"title":"SUIZA CIUDADAN\u00cdA NACIONALIDAD RESIDENCIA INMIGRACI\u00d3N VISADO","description":"SUIZA VISADO INMIGRACI\u00d3N NATURALIZACI\u00d3N PASAPORTE CIUDADAN\u00cdA","robots":{"index":"index","follow":"follow","max-snippet":"max-snippet:-1","max-image-preview":"max-image-preview:large","max-video-preview":"max-video-preview:-1"},"canonical":"https:\/\/immigrationeu.be\/es\/suiza\/","og_locale":"es_ES","og_type":"article","og_title":"SUIZA CIUDADAN\u00cdA NACIONALIDAD RESIDENCIA INMIGRACI\u00d3N VISADO","og_description":"SUIZA VISADO INMIGRACI\u00d3N NATURALIZACI\u00d3N PASAPORTE CIUDADAN\u00cdA","og_url":"https:\/\/immigrationeu.be\/es\/suiza\/","og_site_name":"Immigration EU","article_modified_time":"2020-12-03T01:29:47+00:00","twitter_card":"summary_large_image","twitter_misc":{"Tiempo de lectura":"5 minutos"},"schema":{"@context":"https:\/\/schema.org","@graph":[{"@type":"WebSite","@id":"https:\/\/immigrationeu.be\/#website","url":"https:\/\/immigrationeu.be\/","name":"Immigration EU","description":"","potentialAction":[{"@type":"SearchAction","target":{"@type":"EntryPoint","urlTemplate":"https:\/\/immigrationeu.be\/?s={search_term_string}"},"query-input":"required name=search_term_string"}],"inLanguage":"es"},{"@type":"WebPage","@id":"https:\/\/immigrationeu.be\/es\/suiza\/#webpage","url":"https:\/\/immigrationeu.be\/es\/suiza\/","name":"SUIZA CIUDADAN\u00cdA NACIONALIDAD RESIDENCIA INMIGRACI\u00d3N VISADO","isPartOf":{"@id":"https:\/\/immigrationeu.be\/#website"},"datePublished":"2019-07-15T03:33:39+00:00","dateModified":"2020-12-03T01:29:47+00:00","description":"SUIZA VISADO INMIGRACI\u00d3N NATURALIZACI\u00d3N PASAPORTE CIUDADAN\u00cdA","breadcrumb":{"@id":"https:\/\/immigrationeu.be\/es\/suiza\/#breadcrumb"},"inLanguage":"es","potentialAction":[{"@type":"ReadAction","target":["https:\/\/immigrationeu.be\/es\/suiza\/"]}]},{"@type":"BreadcrumbList","@id":"https:\/\/immigrationeu.be\/es\/suiza\/#breadcrumb","itemListElement":[{"@type":"ListItem","position":1,"name":"Home","item":"https:\/\/immigrationeu.be\/es\/"},{"@type":"ListItem","position":2,"name":"Suiza"}]}]}},"_links":{"self":[{"href":"https:\/\/immigrationeu.be\/es\/wp-json\/wp\/v2\/pages\/1124"}],"collection":[{"href":"https:\/\/immigrationeu.be\/es\/wp-json\/wp\/v2\/pages"}],"about":[{"href":"https:\/\/immigrationeu.be\/es\/wp-json\/wp\/v2\/types\/page"}],"author":[{"embeddable":true,"href":"https:\/\/immigrationeu.be\/es\/wp-json\/wp\/v2\/users\/1"}],"replies":[{"embeddable":true,"href":"https:\/\/immigrationeu.be\/es\/wp-json\/wp\/v2\/comments?post=1124"}],"version-history":[{"count":9,"href":"https:\/\/immigrationeu.be\/es\/wp-json\/wp\/v2\/pages\/1124\/revisions"}],"predecessor-version":[{"id":3287,"href":"https:\/\/immigrationeu.be\/es\/wp-json\/wp\/v2\/pages\/1124\/revisions\/3287"}],"wp:attachment":[{"href":"https:\/\/immigrationeu.be\/es\/wp-json\/wp\/v2\/media?parent=1124"}],"curies":[{"name":"wp","href":"https:\/\/api.w.org\/{rel}","templated":true}]}}